{"id":3488,"date":"2023-03-09T10:17:36","date_gmt":"2023-03-09T04:47:36","guid":{"rendered":"https:\/\/www.elgirubber.com\/?page_id=3488"},"modified":"2023-11-27T12:49:40","modified_gmt":"2023-11-27T07:19:40","slug":"noticias-e-eventos","status":"publish","type":"page","link":"https:\/\/www.elgirubber.com\/pt-pt\/noticias-e-eventos\/","title":{"rendered":"Not\u00edcias e Eventos"},"content":{"rendered":"<div class=\"row\">\n<aside class=\"col-md-4\">\n<div class=\"news\">\n<div class=\"inner-abt\">\n\t\t<div class=\"msacwl-carousel-wrap msacwl-row-clearfix \" data-conf=\"{&quot;slide_to_show&quot;:1,&quot;slide_to_scroll&quot;:1,&quot;autoplay&quot;:&quot;true&quot;,&quot;autoplay_speed&quot;:3000,&quot;speed&quot;:300,&quot;arrows&quot;:&quot;true&quot;,&quot;dots&quot;:&quot;true&quot;,&quot;lazyload&quot;:&quot;&quot;}\">\r\n\t\t\t<div id=\"msacwl-carousel-1\" class=\"msacwl-carousel msacwl-common-slider msacwl-slider-popup\">\r\n\t\t\t\t\t\t\t\t<div class=\"msacwl-carousel-slide msacwl-slide\" data-item-index=\"1\" >\r\n\r\n\t\t\t\t\t<a class=\"msacwl-img-link\" href=\"javascript:void(0);\" data-mfp-src=\"https:\/\/www.elgirubber.com\/wp-content\/uploads\/2023\/08\/Bus-Owner-Association-Meeting-2.jpg\">\r\n\t\t\t\t\t\t<img decoding=\"async\" class=\"msacwl-img\" src=\"https:\/\/www.elgirubber.com\/wp-content\/uploads\/2023\/08\/Bus-Owner-Association-Meeting-2.jpg\"  data-title=\"\" alt=\"\" \/>\r\n\t\t\t\t\t<\/a>\r\n\r\n\t\t\t\t\t\t\t\t\t<\/div>\r\n\t\t\t\t\t\t\t\t<div class=\"msacwl-carousel-slide msacwl-slide\" data-item-index=\"2\" >\r\n\r\n\t\t\t\t\t<a class=\"msacwl-img-link\" href=\"javascript:void(0);\" data-mfp-src=\"https:\/\/www.elgirubber.com\/wp-content\/uploads\/2023\/08\/Bus-Owner-Association-Meeting-5.jpg\">\r\n\t\t\t\t\t\t<img decoding=\"async\" class=\"msacwl-img\" src=\"https:\/\/www.elgirubber.com\/wp-content\/uploads\/2023\/08\/Bus-Owner-Association-Meeting-5.jpg\"  data-title=\"\" alt=\"\" \/>\r\n\t\t\t\t\t<\/a>\r\n\r\n\t\t\t\t\t\t\t\t\t<\/div>\r\n\t\t\t\t\t\t\t\t<div class=\"msacwl-carousel-slide msacwl-slide\" data-item-index=\"3\" >\r\n\r\n\t\t\t\t\t<a class=\"msacwl-img-link\" href=\"javascript:void(0);\" data-mfp-src=\"https:\/\/www.elgirubber.com\/wp-content\/uploads\/2023\/08\/Bus-Owner-Association-Meeting-4.jpg\">\r\n\t\t\t\t\t\t<img decoding=\"async\" class=\"msacwl-img\" src=\"https:\/\/www.elgirubber.com\/wp-content\/uploads\/2023\/08\/Bus-Owner-Association-Meeting-4.jpg\"  data-title=\"\" alt=\"\" \/>\r\n\t\t\t\t\t<\/a>\r\n\r\n\t\t\t\t\t\t\t\t\t<\/div>\r\n\t\t\t\t\t\t\t\t<div class=\"msacwl-carousel-slide msacwl-slide\" data-item-index=\"4\" >\r\n\r\n\t\t\t\t\t<a class=\"msacwl-img-link\" href=\"javascript:void(0);\" data-mfp-src=\"https:\/\/www.elgirubber.com\/wp-content\/uploads\/2023\/08\/Bus-Owner-Association-Meeting-6.jpg\">\r\n\t\t\t\t\t\t<img decoding=\"async\" class=\"msacwl-img\" src=\"https:\/\/www.elgirubber.com\/wp-content\/uploads\/2023\/08\/Bus-Owner-Association-Meeting-6.jpg\"  data-title=\"\" alt=\"\" \/>\r\n\t\t\t\t\t<\/a>\r\n\r\n\t\t\t\t\t\t\t\t\t<\/div>\r\n\t\t\t\t\t\t\t\t<div class=\"msacwl-carousel-slide msacwl-slide\" data-item-index=\"5\" >\r\n\r\n\t\t\t\t\t<a class=\"msacwl-img-link\" href=\"javascript:void(0);\" data-mfp-src=\"https:\/\/www.elgirubber.com\/wp-content\/uploads\/2023\/08\/Bus-Owner-Association-Meeting-1.jpg\">\r\n\t\t\t\t\t\t<img decoding=\"async\" class=\"msacwl-img\" src=\"https:\/\/www.elgirubber.com\/wp-content\/uploads\/2023\/08\/Bus-Owner-Association-Meeting-1.jpg\"  data-title=\"\" alt=\"\" \/>\r\n\t\t\t\t\t<\/a>\r\n\r\n\t\t\t\t\t\t\t\t\t<\/div>\r\n\t\t\t\t\t\t\t<\/div>\r\n\t\t<\/div>\r\n\t\n<div class=\"abt-cont\">\n<h4>Reuni\u00e3o da Associa\u00e7\u00e3o de Propriet\u00e1rios de \u00d4nibus<\/h4>\n<\/p><\/div>\n<\/p><\/div>\n<\/p><\/div>\n<\/aside>\n<aside class=\"col-md-4\">\n<div class=\"news\">\n<div class=\"inner-abt\">\n\t\t<div class=\"msacwl-carousel-wrap msacwl-row-clearfix \" data-conf=\"{&quot;slide_to_show&quot;:1,&quot;slide_to_scroll&quot;:1,&quot;autoplay&quot;:&quot;true&quot;,&quot;autoplay_speed&quot;:3000,&quot;speed&quot;:300,&quot;arrows&quot;:&quot;true&quot;,&quot;dots&quot;:&quot;true&quot;,&quot;lazyload&quot;:&quot;&quot;}\">\r\n\t\t\t<div id=\"msacwl-carousel-2\" class=\"msacwl-carousel msacwl-common-slider msacwl-slider-popup\">\r\n\t\t\t\t\t\t\t\t<div class=\"msacwl-carousel-slide msacwl-slide\" data-item-index=\"1\" >\r\n\r\n\t\t\t\t\t<a class=\"msacwl-img-link\" href=\"javascript:void(0);\" data-mfp-src=\"https:\/\/www.elgirubber.com\/wp-content\/uploads\/2023\/03\/tyre-expo-asia-thumbnail.jpg\">\r\n\t\t\t\t\t\t<img decoding=\"async\" class=\"msacwl-img\" src=\"https:\/\/www.elgirubber.com\/wp-content\/uploads\/2023\/03\/tyre-expo-asia-thumbnail.jpg\"  data-title=\"\" alt=\"Tyre Expo Asia\" \/>\r\n\t\t\t\t\t<\/a>\r\n\r\n\t\t\t\t\t\t\t\t\t<\/div>\r\n\t\t\t\t\t\t\t\t<div class=\"msacwl-carousel-slide msacwl-slide\" data-item-index=\"2\" >\r\n\r\n\t\t\t\t\t<a class=\"msacwl-img-link\" href=\"javascript:void(0);\" data-mfp-src=\"https:\/\/www.elgirubber.com\/wp-content\/uploads\/2023\/03\/ASIA-2.jpeg\">\r\n\t\t\t\t\t\t<img decoding=\"async\" class=\"msacwl-img\" src=\"https:\/\/www.elgirubber.com\/wp-content\/uploads\/2023\/03\/ASIA-2.jpeg\"  data-title=\"\" alt=\"\" \/>\r\n\t\t\t\t\t<\/a>\r\n\r\n\t\t\t\t\t\t\t\t\t<\/div>\r\n\t\t\t\t\t\t\t\t<div class=\"msacwl-carousel-slide msacwl-slide\" data-item-index=\"3\" >\r\n\r\n\t\t\t\t\t<a class=\"msacwl-img-link\" href=\"javascript:void(0);\" data-mfp-src=\"https:\/\/www.elgirubber.com\/wp-content\/uploads\/2023\/05\/Tyre-expo-asia-3.jpg\">\r\n\t\t\t\t\t\t<img decoding=\"async\" class=\"msacwl-img\" src=\"https:\/\/www.elgirubber.com\/wp-content\/uploads\/2023\/05\/Tyre-expo-asia-3.jpg\"  data-title=\"Tyre expo asia 3\" alt=\"\" \/>\r\n\t\t\t\t\t<\/a>\r\n\r\n\t\t\t\t\t\t\t\t\t<\/div>\r\n\t\t\t\t\t\t\t\t<div class=\"msacwl-carousel-slide msacwl-slide\" data-item-index=\"4\" >\r\n\r\n\t\t\t\t\t<a class=\"msacwl-img-link\" href=\"javascript:void(0);\" data-mfp-src=\"https:\/\/www.elgirubber.com\/wp-content\/uploads\/2023\/05\/Tyre-expo-asia-1.jpg\">\r\n\t\t\t\t\t\t<img decoding=\"async\" class=\"msacwl-img\" src=\"https:\/\/www.elgirubber.com\/wp-content\/uploads\/2023\/05\/Tyre-expo-asia-1.jpg\"  data-title=\"Tyre expo asia 1\" alt=\"\" \/>\r\n\t\t\t\t\t<\/a>\r\n\r\n\t\t\t\t\t\t\t\t\t<\/div>\r\n\t\t\t\t\t\t\t\t<div class=\"msacwl-carousel-slide msacwl-slide\" data-item-index=\"5\" >\r\n\r\n\t\t\t\t\t<a class=\"msacwl-img-link\" href=\"javascript:void(0);\" data-mfp-src=\"https:\/\/www.elgirubber.com\/wp-content\/uploads\/2023\/05\/Tyre-expo-asia-2-scaled.jpg\">\r\n\t\t\t\t\t\t<img decoding=\"async\" class=\"msacwl-img\" src=\"https:\/\/www.elgirubber.com\/wp-content\/uploads\/2023\/05\/Tyre-expo-asia-2-scaled.jpg\"  data-title=\"Tyre expo asia 2\" alt=\"\" \/>\r\n\t\t\t\t\t<\/a>\r\n\r\n\t\t\t\t\t\t\t\t\t<\/div>\r\n\t\t\t\t\t\t\t<\/div>\r\n\t\t<\/div>\r\n\t\n<div class=\"abt-cont\">\n<h4>Exposi\u00e7\u00e3o de pneus \u00c1sia 2023<\/h4>\n<\/p><\/div>\n<\/p><\/div>\n<\/p><\/div>\n<\/aside>\n<aside class=\"col-md-4\">\n<div class=\"news\">\n<div class=\"inner-abt\">\n\t\t<div class=\"msacwl-carousel-wrap msacwl-row-clearfix \" data-conf=\"{&quot;slide_to_show&quot;:1,&quot;slide_to_scroll&quot;:1,&quot;autoplay&quot;:&quot;true&quot;,&quot;autoplay_speed&quot;:3000,&quot;speed&quot;:300,&quot;arrows&quot;:&quot;true&quot;,&quot;dots&quot;:&quot;true&quot;,&quot;lazyload&quot;:&quot;&quot;}\">\r\n\t\t\t<div id=\"msacwl-carousel-3\" class=\"msacwl-carousel msacwl-common-slider msacwl-slider-popup\">\r\n\t\t\t\t\t\t\t\t<div class=\"msacwl-carousel-slide msacwl-slide\" data-item-index=\"1\" >\r\n\r\n\t\t\t\t\t<a class=\"msacwl-img-link\" href=\"javascript:void(0);\" data-mfp-src=\"https:\/\/www.elgirubber.com\/wp-content\/uploads\/2023\/03\/tyre-expo-thumbnail.jpg\">\r\n\t\t\t\t\t\t<img decoding=\"async\" class=\"msacwl-img\" src=\"https:\/\/www.elgirubber.com\/wp-content\/uploads\/2023\/03\/tyre-expo-thumbnail.jpg\"  data-title=\"\" alt=\"Truck Trailer &amp; Tyre Expo 2022\" \/>\r\n\t\t\t\t\t<\/a>\r\n\r\n\t\t\t\t\t\t\t\t\t<\/div>\r\n\t\t\t\t\t\t\t\t<div class=\"msacwl-carousel-slide msacwl-slide\" data-item-index=\"2\" >\r\n\r\n\t\t\t\t\t<a class=\"msacwl-img-link\" href=\"javascript:void(0);\" data-mfp-src=\"https:\/\/www.elgirubber.com\/wp-content\/uploads\/2023\/03\/DSC_0189.jpg\">\r\n\t\t\t\t\t\t<img decoding=\"async\" class=\"msacwl-img\" src=\"https:\/\/www.elgirubber.com\/wp-content\/uploads\/2023\/03\/DSC_0189.jpg\"  data-title=\"\" alt=\"\" \/>\r\n\t\t\t\t\t<\/a>\r\n\r\n\t\t\t\t\t\t\t\t\t<\/div>\r\n\t\t\t\t\t\t\t\t<div class=\"msacwl-carousel-slide msacwl-slide\" data-item-index=\"3\" >\r\n\r\n\t\t\t\t\t<a class=\"msacwl-img-link\" href=\"javascript:void(0);\" data-mfp-src=\"https:\/\/www.elgirubber.com\/wp-content\/uploads\/2023\/03\/DSC_0155.jpg\">\r\n\t\t\t\t\t\t<img decoding=\"async\" class=\"msacwl-img\" src=\"https:\/\/www.elgirubber.com\/wp-content\/uploads\/2023\/03\/DSC_0155.jpg\"  data-title=\"\" alt=\"\" \/>\r\n\t\t\t\t\t<\/a>\r\n\r\n\t\t\t\t\t\t\t\t\t<\/div>\r\n\t\t\t\t\t\t\t\t<div class=\"msacwl-carousel-slide msacwl-slide\" data-item-index=\"4\" >\r\n\r\n\t\t\t\t\t<a class=\"msacwl-img-link\" href=\"javascript:void(0);\" data-mfp-src=\"https:\/\/www.elgirubber.com\/wp-content\/uploads\/2023\/03\/DSC_0193.jpg\">\r\n\t\t\t\t\t\t<img decoding=\"async\" class=\"msacwl-img\" src=\"https:\/\/www.elgirubber.com\/wp-content\/uploads\/2023\/03\/DSC_0193.jpg\"  data-title=\"\" alt=\"\" \/>\r\n\t\t\t\t\t<\/a>\r\n\r\n\t\t\t\t\t\t\t\t\t<\/div>\r\n\t\t\t\t\t\t\t\t<div class=\"msacwl-carousel-slide msacwl-slide\" data-item-index=\"5\" >\r\n\r\n\t\t\t\t\t<a class=\"msacwl-img-link\" href=\"javascript:void(0);\" data-mfp-src=\"https:\/\/www.elgirubber.com\/wp-content\/uploads\/2023\/03\/DSC_0025.jpg\">\r\n\t\t\t\t\t\t<img decoding=\"async\" class=\"msacwl-img\" src=\"https:\/\/www.elgirubber.com\/wp-content\/uploads\/2023\/03\/DSC_0025.jpg\"  data-title=\"\" alt=\"\" \/>\r\n\t\t\t\t\t<\/a>\r\n\r\n\t\t\t\t\t\t\t\t\t<\/div>\r\n\t\t\t\t\t\t\t<\/div>\r\n\t\t<\/div>\r\n\t\n<div class=\"abt-cont\">\n<h4>Exposi\u00e7\u00e3o de reboques e pneus de caminh\u00f5es 2022<\/h4>\n<\/p><\/div>\n<\/p><\/div>\n<\/p><\/div>\n<\/aside>\n<aside class=\"col-md-4\">\n<div class=\"news\">\n<div class=\"inner-abt\">\n\t\t<div class=\"msacwl-carousel-wrap msacwl-row-clearfix \" data-conf=\"{&quot;slide_to_show&quot;:1,&quot;slide_to_scroll&quot;:1,&quot;autoplay&quot;:&quot;true&quot;,&quot;autoplay_speed&quot;:3000,&quot;speed&quot;:300,&quot;arrows&quot;:&quot;true&quot;,&quot;dots&quot;:&quot;true&quot;,&quot;lazyload&quot;:&quot;&quot;}\">\r\n\t\t\t<div id=\"msacwl-carousel-4\" class=\"msacwl-carousel msacwl-common-slider msacwl-slider-popup\">\r\n\t\t\t\t\t\t\t\t<div class=\"msacwl-carousel-slide msacwl-slide\" data-item-index=\"1\" >\r\n\r\n\t\t\t\t\t<a class=\"msacwl-img-link\" href=\"javascript:void(0);\" data-mfp-src=\"https:\/\/www.elgirubber.com\/wp-content\/uploads\/2023\/03\/Retreading-Machinery-Launch-thumnail.jpg\">\r\n\t\t\t\t\t\t<img decoding=\"async\" class=\"msacwl-img\" src=\"https:\/\/www.elgirubber.com\/wp-content\/uploads\/2023\/03\/Retreading-Machinery-Launch-thumnail.jpg\"  data-title=\"\" alt=\"2 Series Retreading Machinery Launch\" \/>\r\n\t\t\t\t\t<\/a>\r\n\r\n\t\t\t\t\t\t\t\t\t<\/div>\r\n\t\t\t\t\t\t\t\t<div class=\"msacwl-carousel-slide msacwl-slide\" data-item-index=\"2\" >\r\n\r\n\t\t\t\t\t<a class=\"msacwl-img-link\" href=\"javascript:void(0);\" data-mfp-src=\"https:\/\/www.elgirubber.com\/wp-content\/uploads\/2023\/03\/JPS_3560.jpg\">\r\n\t\t\t\t\t\t<img decoding=\"async\" class=\"msacwl-img\" src=\"https:\/\/www.elgirubber.com\/wp-content\/uploads\/2023\/03\/JPS_3560.jpg\"  data-title=\"\" alt=\"\" \/>\r\n\t\t\t\t\t<\/a>\r\n\r\n\t\t\t\t\t\t\t\t\t<\/div>\r\n\t\t\t\t\t\t\t\t<div class=\"msacwl-carousel-slide msacwl-slide\" data-item-index=\"3\" >\r\n\r\n\t\t\t\t\t<a class=\"msacwl-img-link\" href=\"javascript:void(0);\" data-mfp-src=\"https:\/\/www.elgirubber.com\/wp-content\/uploads\/2023\/03\/JPS_3544.jpg\">\r\n\t\t\t\t\t\t<img decoding=\"async\" class=\"msacwl-img\" src=\"https:\/\/www.elgirubber.com\/wp-content\/uploads\/2023\/03\/JPS_3544.jpg\"  data-title=\"\" alt=\"\" \/>\r\n\t\t\t\t\t<\/a>\r\n\r\n\t\t\t\t\t\t\t\t\t<\/div>\r\n\t\t\t\t\t\t\t\t<div class=\"msacwl-carousel-slide msacwl-slide\" data-item-index=\"4\" >\r\n\r\n\t\t\t\t\t<a class=\"msacwl-img-link\" href=\"javascript:void(0);\" data-mfp-src=\"https:\/\/www.elgirubber.com\/wp-content\/uploads\/2023\/03\/JPS_3390-1.jpg\">\r\n\t\t\t\t\t\t<img decoding=\"async\" class=\"msacwl-img\" src=\"https:\/\/www.elgirubber.com\/wp-content\/uploads\/2023\/03\/JPS_3390-1.jpg\"  data-title=\"\" alt=\"\" \/>\r\n\t\t\t\t\t<\/a>\r\n\r\n\t\t\t\t\t\t\t\t\t<\/div>\r\n\t\t\t\t\t\t\t\t<div class=\"msacwl-carousel-slide msacwl-slide\" data-item-index=\"5\" >\r\n\r\n\t\t\t\t\t<a class=\"msacwl-img-link\" href=\"javascript:void(0);\" data-mfp-src=\"https:\/\/www.elgirubber.com\/wp-content\/uploads\/2023\/03\/JPS_3563-1.jpg\">\r\n\t\t\t\t\t\t<img decoding=\"async\" class=\"msacwl-img\" src=\"https:\/\/www.elgirubber.com\/wp-content\/uploads\/2023\/03\/JPS_3563-1.jpg\"  data-title=\"\" alt=\"\" \/>\r\n\t\t\t\t\t<\/a>\r\n\r\n\t\t\t\t\t\t\t\t\t<\/div>\r\n\t\t\t\t\t\t\t<\/div>\r\n\t\t<\/div>\r\n\t\n<div class=\"abt-cont\">\n<h4>Lan\u00e7amento \u2013 M\u00e1quinas de Recapagem \u2013 S\u00e9rie 2 <\/h4>\n<\/p><\/div>\n<\/p><\/div>\n<\/p><\/div>\n<\/aside>\n<\/div>\n","protected":false},"excerpt":{"rendered":"<p>Reuni\u00e3o da Associa\u00e7\u00e3o de Propriet\u00e1rios de \u00d4nibus Exposi\u00e7\u00e3o de pneus \u00c1sia 2023 Exposi\u00e7\u00e3o de reboques e pneus de caminh\u00f5es 2022 Lan\u00e7amento \u2013 M\u00e1quinas de Recapagem \u2013 S\u00e9rie 2<\/p>\n","protected":false},"author":1,"featured_media":0,"parent":0,"menu_order":0,"comment_status":"closed","ping_status":"closed","template":"","meta":{"footnotes":""},"class_list":["post-3488","page","type-page","status-publish","hentry","entry"],"aioseo_notices":[],"_links":{"self":[{"href":"https:\/\/www.elgirubber.com\/pt-pt\/wp-json\/wp\/v2\/pages\/3488","targetHints":{"allow":["GET"]}}],"collection":[{"href":"https:\/\/www.elgirubber.com\/pt-pt\/wp-json\/wp\/v2\/pages"}],"about":[{"href":"https:\/\/www.elgirubber.com\/pt-pt\/wp-json\/wp\/v2\/types\/page"}],"author":[{"embeddable":true,"href":"https:\/\/www.elgirubber.com\/pt-pt\/wp-json\/wp\/v2\/users\/1"}],"replies":[{"embeddable":true,"href":"https:\/\/www.elgirubber.com\/pt-pt\/wp-json\/wp\/v2\/comments?post=3488"}],"version-history":[{"count":2,"href":"https:\/\/www.elgirubber.com\/pt-pt\/wp-json\/wp\/v2\/pages\/3488\/revisions"}],"predecessor-version":[{"id":3638,"href":"https:\/\/www.elgirubber.com\/pt-pt\/wp-json\/wp\/v2\/pages\/3488\/revisions\/3638"}],"wp:attachment":[{"href":"https:\/\/www.elgirubber.com\/pt-pt\/wp-json\/wp\/v2\/media?parent=3488"}],"curies":[{"name":"wp","href":"https:\/\/api.w.org\/{rel}","templated":true}]}}