{"id":3034,"date":"2023-01-30T12:14:54","date_gmt":"2023-01-30T06:44:54","guid":{"rendered":"https:\/\/www.elgirubber.com\/?page_id=3034"},"modified":"2023-08-21T17:30:36","modified_gmt":"2023-08-21T12:00:36","slug":"midwest-rubber","status":"publish","type":"page","link":"https:\/\/www.elgirubber.com\/pt-pt\/midwest-rubber\/","title":{"rendered":"Midwest Rubber"},"content":{"rendered":"\n<p><strong>Gomas, Adesivos e Selantes<\/strong><\/p>\n<div class=\"su-list\" style=\"margin-left:0px\">\n<ul>\n<li><i class=\"sui sui-angle-double-right\" style=\"color:#f58220\"><\/i> \n               A Midwest fabrica uma ampla gama de gomas, adesivos e selantes para a ind\u00fastria de recapagem e reparo de pneus. A Midwest produz gomas em tr\u00eas taxas de cura diferentes. Os recapadores t\u00eam a op\u00e7\u00e3o de escolher gomas dependendo da temperatura de opera\u00e7\u00e3o e dos equipamentos de vulcanizacao utilizados. Um excelente cimento vulcanizante preto cont\u00e9m aditivos especiais para se ligar \u00e0s cordas expostas, como Nylon, Rayon e poli\u00e9ster, etc.<\/li>\n<li><i class=\"sui sui-angle-double-right\" style=\"color:#f58220\"><\/i> Um selante espesso e viscoso sela pequenos vazamentos problem\u00e1ticos ao redor do tal\u00e3o do pneu sem c\u00e2mara e da roda. O cimento vulcanizante qu\u00edmico, uma solu\u00e7\u00e3o de borracha natural contendo ativadores e aceleradores agem sobre o material promovendo a cura qu\u00edmica em temperatura ambiente.<\/li>\n<li><i class=\"sui sui-angle-double-right\" style=\"color:#f58220\"><\/i> \n                 Midwest manufactures a wide range of Gums, Adhesives and Sealants for the tyre retread and repair industry. Retreaders have a choice of gums depending on the operating temperature and the curing equipments employed. The company was established in 1926, USA  and acquired by ERCL in 2012.\n                <\/li>\n<\/ul>\n<p>              <\/div>\n","protected":false},"excerpt":{"rendered":"<p>Gomas, Adesivos e Selantes<\/p>\n","protected":false},"author":1,"featured_media":0,"parent":0,"menu_order":0,"comment_status":"closed","ping_status":"closed","template":"","meta":{"footnotes":""},"class_list":["post-3034","page","type-page","status-publish","hentry","entry"],"aioseo_notices":[],"_links":{"self":[{"href":"https:\/\/www.elgirubber.com\/pt-pt\/wp-json\/wp\/v2\/pages\/3034","targetHints":{"allow":["GET"]}}],"collection":[{"href":"https:\/\/www.elgirubber.com\/pt-pt\/wp-json\/wp\/v2\/pages"}],"about":[{"href":"https:\/\/www.elgirubber.com\/pt-pt\/wp-json\/wp\/v2\/types\/page"}],"author":[{"embeddable":true,"href":"https:\/\/www.elgirubber.com\/pt-pt\/wp-json\/wp\/v2\/users\/1"}],"replies":[{"embeddable":true,"href":"https:\/\/www.elgirubber.com\/pt-pt\/wp-json\/wp\/v2\/comments?post=3034"}],"version-history":[{"count":1,"href":"https:\/\/www.elgirubber.com\/pt-pt\/wp-json\/wp\/v2\/pages\/3034\/revisions"}],"predecessor-version":[{"id":3035,"href":"https:\/\/www.elgirubber.com\/pt-pt\/wp-json\/wp\/v2\/pages\/3034\/revisions\/3035"}],"wp:attachment":[{"href":"https:\/\/www.elgirubber.com\/pt-pt\/wp-json\/wp\/v2\/media?parent=3034"}],"curies":[{"name":"wp","href":"https:\/\/api.w.org\/{rel}","templated":true}]}}