{"id":3032,"date":"2023-01-30T12:14:04","date_gmt":"2023-01-30T06:44:04","guid":{"rendered":"https:\/\/www.elgirubber.com\/?page_id=3032"},"modified":"2023-08-21T17:27:25","modified_gmt":"2023-08-21T11:57:25","slug":"carbrasive","status":"publish","type":"page","link":"https:\/\/www.elgirubber.com\/pt-pt\/carbrasive\/","title":{"rendered":"Carbrasive"},"content":{"rendered":"\n<p><strong>Ferramentas de Carbides<\/strong><\/p>\n<div class=\"su-list\" style=\"margin-left:0px\">\n<ul>\n<li><i class=\"sui sui-angle-double-right\" style=\"color:#f58220\"><\/i>  A Carbrasive iniciou suas opera\u00e7\u00f5es em 1979 com o fundador Sr. Doug Palin, que era um engenheiro de design altamente respeitado. Doug foi Engenheiro Chefe da Advanx Rubber Co em Sydney, Austr\u00e1lia, por 25 anos antes de se juntar \u00e0 B &#038; J Rocket como gerente, projetando e construindo sua f\u00e1brica de manufatura. O filho mais novo de Doug, Tony Palin, engenheiro mec\u00e2nico qualificado, juntou-se \u00e0 Carbrasive em 1980 como primeiro funcion\u00e1rio da empresa. O crescimento da empresa nos primeiros anos foi lento, por\u00e9m a empresa gradualmente come\u00e7ou a expandir atrav\u00e9s do mercado de exporta\u00e7\u00e3o. As ind\u00fastrias de retifica\u00e7\u00e3o e recapagem foram a base da empresa, embora existam v\u00e1rias outras atividades, como correias transportadoras, reparo de cal\u00e7ados e ind\u00fastrias de pranchas de surfe, que procuram solu\u00e7\u00f5es da Carbrasive para aplica\u00e7\u00f5es de retifica\u00e7\u00e3o mais elaboradas. Doug e Tony Palin expandiram gradualmente o neg\u00f3cio nos primeiros 20 anos de sua exist\u00eancia at\u00e9 a morte de Doug em 2001, ap\u00f3s uma breve batalha contra o c\u00e2ncer. No momento da morte de Doug, a propriedade da empresa passou para Tony Palin e sua esposa Paula, que dirigiram a empresa at\u00e9 2009. Em 2009, os ativos e a propriedade intelectual da empresa foram adquiridos pela Elgi Rubber Company, sediada em Coimbatore, \u00cdndia. Tony juntou-se \u00e0 Elgi como consultor e ainda trabalha em estreita colabora\u00e7\u00e3o com a Elgi, monitarando a produ\u00e7\u00e3o e o desenvolvimento de novos produtos.\n                <\/li>\n<li><i class=\"sui sui-angle-double-right\" style=\"color:#f58220\"><\/i> \n                 A Carbrasive iniciou suas opera\u00e7\u00f5es em 1979 em Sawtell, Austr\u00e1lia. Em 2009, os ativos e a propriedade intelectual da empresa foram adquiridos pela ERCL. A empresa fabrica ferramentas de retifica\u00e7\u00e3o usadas para reparar pneus.\n                <\/li>\n<\/ul>\n<p>              <\/div>\n","protected":false},"excerpt":{"rendered":"<p>Ferramentas de Carbides<\/p>\n","protected":false},"author":1,"featured_media":0,"parent":0,"menu_order":0,"comment_status":"closed","ping_status":"closed","template":"","meta":{"footnotes":""},"class_list":["post-3032","page","type-page","status-publish","hentry","entry"],"aioseo_notices":[],"_links":{"self":[{"href":"https:\/\/www.elgirubber.com\/pt-pt\/wp-json\/wp\/v2\/pages\/3032","targetHints":{"allow":["GET"]}}],"collection":[{"href":"https:\/\/www.elgirubber.com\/pt-pt\/wp-json\/wp\/v2\/pages"}],"about":[{"href":"https:\/\/www.elgirubber.com\/pt-pt\/wp-json\/wp\/v2\/types\/page"}],"author":[{"embeddable":true,"href":"https:\/\/www.elgirubber.com\/pt-pt\/wp-json\/wp\/v2\/users\/1"}],"replies":[{"embeddable":true,"href":"https:\/\/www.elgirubber.com\/pt-pt\/wp-json\/wp\/v2\/comments?post=3032"}],"version-history":[{"count":1,"href":"https:\/\/www.elgirubber.com\/pt-pt\/wp-json\/wp\/v2\/pages\/3032\/revisions"}],"predecessor-version":[{"id":3033,"href":"https:\/\/www.elgirubber.com\/pt-pt\/wp-json\/wp\/v2\/pages\/3032\/revisions\/3033"}],"wp:attachment":[{"href":"https:\/\/www.elgirubber.com\/pt-pt\/wp-json\/wp\/v2\/media?parent=3032"}],"curies":[{"name":"wp","href":"https:\/\/api.w.org\/{rel}","templated":true}]}}