{"id":3029,"date":"2023-01-30T12:09:57","date_gmt":"2023-01-30T06:39:57","guid":{"rendered":"https:\/\/www.elgirubber.com\/?page_id=3029"},"modified":"2023-08-21T17:25:53","modified_gmt":"2023-08-21T11:55:53","slug":"armonas","status":"publish","type":"page","link":"https:\/\/www.elgirubber.com\/pt-pt\/armonas\/","title":{"rendered":"Armonas"},"content":{"rendered":"\n<p><strong>Equipamentos de Processo de Recapagem<\/strong><\/p>\n<div class=\"su-list\" style=\"margin-left:0px\">\n<ul>\n<li><i class=\"sui sui-angle-double-right\" style=\"color:#f58220\"><\/i> \n                 A Armonas fabrica um sistema de monovia completo para facilitar o movimento do pneu movimentar o pneu desde a inspe\u00e7\u00e3o inicial at\u00e9 a final, evitando a contamina\u00e7\u00e3o dos pneus por contatos de superf\u00edcie. A Armonas desenvolve layouts de acordo com os equipamentos existentes, garantindo alta produtividade e efici\u00eancia. Projetos predefinidos para recapagem da categoria de 400, 800 e 1200 pneus est\u00e3o dispon\u00edveis para a abertura de uma nova fabrica de recapagem. A Armonas tamb\u00e9m fabrica sistemas de exaust\u00e3o para m\u00e1quinas individuais, bem como sistemas centralizados para toda a planta de recapagem. O Envelopadeira, esta\u00e7\u00e3o de escariacao, montagem de aros e sistema de desmontagem fazem parte do pacote de produtos oferecido pela Armonas.\n                <\/li>\n<li><i class=\"sui sui-angle-double-right\" style=\"color:#f58220\"><\/i> \n                 Established in 1926, Armonas is a retreading equipment manufacturer based in Brazil. Armonas was acquired by ERCL in 2012. Specialising in a Complete Monorail System, the Company also manufacturers a range of other equipment used by leading retreaders.\n                <\/li>\n<\/ul>\n<p>              <\/div>\n","protected":false},"excerpt":{"rendered":"<p>Equipamentos de Processo de Recapagem<\/p>\n","protected":false},"author":1,"featured_media":0,"parent":0,"menu_order":0,"comment_status":"closed","ping_status":"closed","template":"","meta":{"footnotes":""},"class_list":["post-3029","page","type-page","status-publish","hentry","entry"],"aioseo_notices":[],"_links":{"self":[{"href":"https:\/\/www.elgirubber.com\/pt-pt\/wp-json\/wp\/v2\/pages\/3029","targetHints":{"allow":["GET"]}}],"collection":[{"href":"https:\/\/www.elgirubber.com\/pt-pt\/wp-json\/wp\/v2\/pages"}],"about":[{"href":"https:\/\/www.elgirubber.com\/pt-pt\/wp-json\/wp\/v2\/types\/page"}],"author":[{"embeddable":true,"href":"https:\/\/www.elgirubber.com\/pt-pt\/wp-json\/wp\/v2\/users\/1"}],"replies":[{"embeddable":true,"href":"https:\/\/www.elgirubber.com\/pt-pt\/wp-json\/wp\/v2\/comments?post=3029"}],"version-history":[{"count":1,"href":"https:\/\/www.elgirubber.com\/pt-pt\/wp-json\/wp\/v2\/pages\/3029\/revisions"}],"predecessor-version":[{"id":3030,"href":"https:\/\/www.elgirubber.com\/pt-pt\/wp-json\/wp\/v2\/pages\/3029\/revisions\/3030"}],"wp:attachment":[{"href":"https:\/\/www.elgirubber.com\/pt-pt\/wp-json\/wp\/v2\/media?parent=3029"}],"curies":[{"name":"wp","href":"https:\/\/api.w.org\/{rel}","templated":true}]}}