{"id":3020,"date":"2022-07-06T07:10:28","date_gmt":"2022-07-06T01:40:28","guid":{"rendered":"https:\/\/www.elgirubber.com\/?page_id=3020"},"modified":"2023-12-22T10:02:48","modified_gmt":"2023-12-22T04:32:48","slug":"nossas-marcas","status":"publish","type":"page","link":"https:\/\/www.elgirubber.com\/pt-pt\/nossas-marcas\/","title":{"rendered":"Nossas Marcas"},"content":{"rendered":"<section class=\"brands-tap-main\">\n<section id=\"brands-tap\">\n<div class=\"row\">\n<aside class=\"col-lg-4 p-0\">\n<div class=\"bord_er product-cat\">\n              <a href=\"https:\/\/www.elgirubber.com\/pt-pt\/tyre-retreading-repair-machinery\/\" class=\"item\"><\/p>\n<div class=\"product-cat-inner\">\n<div class=\"icon\">\n                       <img decoding=\"async\"\n                          src=\"https:\/\/www.elgirubber.com\/wp-content\/uploads\/2022\/10\/jet-homepng.jpg\"\n                          alt=\"\"\n                          class=\"img-fluid\"\n                          \/>\n                    <\/div>\n<h4>Sistemas de recauchutagem e repara\u00e7\u00e3o<\/h4>\n<\/p><\/div>\n<p>              <\/a>\n           <\/div>\n<\/aside>\n<aside class=\"col-lg-4 p-0\">\n<div class=\"bord_er product-cat\">\n              <a href=\"https:\/\/www.elgirubber.com\/pt-pt\/crs\/\" target=\"_blank\" class=\"item\" rel=\"noopener\"><\/p>\n<div class=\"product-cat-inner\">\n<div class=\"icon\">\n                       <img decoding=\"async\"\n                          src=\"https:\/\/www.elgirubber.com\/wp-content\/uploads\/2022\/10\/crs-homepng-2.jpg\"\n                          alt=\"\"\n                          class=\"img-fluid\"\n                          \/>\n                    <\/div>\n<h4>Aros e Rodas Expans\u00edveis<\/h4>\n<\/p><\/div>\n<p>              <\/a\n                 >\n           <\/div>\n<\/aside>\n<aside class=\"col-lg-4 p-0\">\n<div class=\"bord_er product-cat border_ri\">\n              <a href=\"https:\/\/www.elgirubber.com\/pt-pt\/armonas\/\" target=\"_blank\" class=\"item\" rel=\"noopener\"><\/p>\n<div class=\"product-cat-inner\">\n<div class=\"icon\">\n                       <img decoding=\"async\"\n                          src=\"https:\/\/www.elgirubber.com\/wp-content\/uploads\/2022\/10\/armonas-homepng.jpg\"\n                          alt=\"\"\n                          class=\"img-fluid\"\n                          \/>\n                    <\/div>\n<h4>Equipamentos de Processo de Recapagem<\/h4>\n<\/p><\/div>\n<p>              <\/a\n                 >\n           <\/div>\n<\/aside>\n<aside class=\"col-lg-4 p-0\">\n<div class=\"bord_er product-cat\">\n              <a href=\"https:\/\/www.pincott.com\/\" target=\"_blank\" class=\"item\" rel=\"noopener\"><\/p>\n<div class=\"product-cat-inner\">\n<div class=\"icon\">\n                       <img decoding=\"async\"\n                          src=\"https:\/\/www.elgirubber.com\/wp-content\/uploads\/2022\/10\/pincott-homepng.jpg\"\n                          alt=\"\"\n                          class=\"img-fluid\"\n                          \/>\n                    <\/div>\n<h4>Leminas e Conjunto de raspagem<\/h4>\n<\/p><\/div>\n<p>              <\/a>\n           <\/div>\n<\/aside>\n<aside class=\"col-lg-4 p-0\">\n<div class=\"bord_er product-cat\">\n              <a href=\"https:\/\/www.elgirubber.com\/pt-pt\/carbrasive\/\" target=\"_blank\" class=\"item\" rel=\"noopener\"><\/p>\n<div class=\"product-cat-inner\">\n<div class=\"icon\">\n                       <img decoding=\"async\"\n                          src=\"https:\/\/www.elgirubber.com\/wp-content\/uploads\/2022\/10\/carbrasive-homepng.jpg\"\n                          alt=\"\"\n                          class=\"img-fluid\"\n                          \/>\n                    <\/div>\n<h4>Carbides<\/h4>\n<\/p><\/div>\n<p>              <\/a>\n           <\/div>\n<\/aside>\n<aside class=\"col-lg-4 p-0\">\n<div class=\"bord_er product-cat border_ri\">\n              <a href=\"https:\/\/www.elgirubber.com\/pt-pt\/midwest-rubber\/\" target=\"_blank\" class=\"item\" rel=\"noopener\"><\/p>\n<div class=\"product-cat-inner\">\n<div class=\"icon\">\n                       <img decoding=\"async\"\n                          src=\"https:\/\/www.elgirubber.com\/wp-content\/uploads\/2022\/10\/midwest-homepng.jpg\"\n                          alt=\"\"\n                          class=\"img-fluid\"\n                          \/>\n                    <\/div>\n<h4>Liga\u00e7\u00e3o, Adesivos e Selantes<\/h4>\n<\/p><\/div>\n<p>              <\/a>\n           <\/div>\n<\/aside>\n<aside class=\"col-lg-4 p-0\">\n<div class=\"bord_er product-cat\">\n              <a href=\"https:\/\/westernweld.com\/\" target=\"_blank\" class=\"item item-two\" rel=\"noopener\"><\/p>\n<div class=\"product-cat-inner\">\n<div class=\"icon\">\n                       <img decoding=\"async\"\n                          src=\"https:\/\/www.elgirubber.com\/wp-content\/uploads\/2022\/10\/westernweld-homepng.jpg\"\n                          alt=\"\"\n                          class=\"img-fluid\"\n                          \/>\n                    <\/div>\n<h4>Produtos para reparo de pneus e c\u00e2maras de ar<\/h4>\n<\/p><\/div>\n<p>              <\/a>\n           <\/div>\n<\/aside>\n<aside class=\"col-lg-4 p-0\">\n<div class=\"bord_er product-cat\">\n              <a href=\"https:\/\/www.rubber-resources.com\/en\/about-rubber-resources\/\" target=\"_blank\" class=\"item item-two\" rel=\"noopener\"><\/p>\n<div class=\"product-cat-inner\">\n<div class=\"icon\">\n                       <img decoding=\"async\"\n                          src=\"https:\/\/www.elgirubber.com\/wp-content\/uploads\/2022\/10\/ecorr-homepng.jpg\"\n                          alt=\"\"\n                          class=\"img-fluid\"\n                          \/>\n                    <\/div>\n<h4>Borracha Regenerada<\/h4>\n<\/p><\/div>\n<p>              <\/a>\n           <\/div>\n<\/aside>\n<aside class=\"col-lg-4 p-0\">\n<div class=\"bord_er product-cat border_ri\">\n              <a href=\"https:\/\/www.elgirubber.com\/pt-pt\/retreading-consumables\/\" class=\"item item-two\"><\/p>\n<div class=\"product-cat-inner\">\n<div class=\"icon\">\n                       <img decoding=\"async\"\n                          src=\"https:\/\/www.elgirubber.com\/wp-content\/uploads\/2023\/03\/kooltread.jpg\"\n                          alt=\"\"\n                          class=\"img-fluid\"\n                          \/>\n                    <\/div>\n<h4>Maneira cool de Recauchutagem<\/h4>\n<\/p><\/div>\n<p>              <\/a>\n           <\/div>\n<\/aside><\/div>\n<\/section>\n<div class=\"modal fade\" id=\"jet\" role=\"dialog\">\n<div class=\"modal-dialog modal-lg\">\n<div class=\"modal-content\">\n<div class=\"modal-header\">\n              <button type=\"button\" class=\"close\" data-dismiss=\"modal\"><br \/>\n              &times;<br \/>\n              <\/button>\n           <\/div>\n<div class=\"modal-body\">\n<h4>Jet<\/h4>\n<p><strong>Retread and Repair Systems<\/strong><\/p>\n<div class=\"su-list\" style=\"margin-left:0px\">\n<ul>\n<li><i class=\"sui sui-angle-double-right\" style=\"color:#f58220\"><\/i> Jet offers full range of production machines, retreading consumables including Envelopes \/ Repairs, Technical Support and Training.<\/li>\n<\/ul>\n<p>              <\/div><\/div>\n<\/p><\/div>\n<\/p><\/div>\n<\/p><\/div>\n<div class=\"modal fade\" id=\"crs\" role=\"dialog\">\n<div class=\"modal-dialog modal-lg\">\n<div class=\"modal-content\">\n<div class=\"modal-header\">\n              <button type=\"button\" class=\"close\" data-dismiss=\"modal\"><br \/>\n              &times;<br \/>\n              <\/button>\n           <\/div>\n<div class=\"modal-body\">\n<h4>CRS<\/h4>\n<p><strong>Expandable Rims &#038; Hubs<\/strong><\/p>\n<div class=\"su-list\" style=\"margin-left:0px\">\n<ul>\n<li><i class=\"sui sui-angle-double-right\" style=\"color:#f58220\"><\/i> \n                    Manufacturing: Buffing machine, air control and dust collection<br \/>\n                    systems.\n                 <\/li>\n<li><i class=\"sui sui-angle-double-right\" style=\"color:#f58220\"><\/i> \n                    Premiere supplier of expanding hub and rim assembly to the industry.\n                 <\/li>\n<li><i class=\"sui sui-angle-double-right\" style=\"color:#f58220\"><\/i> \n                    Elgi purchased CRS in 2015, maintaining the staff and location in<br \/>\n                    Hamilton, OH.\n                 <\/li>\n<\/ul>\n<p>              <\/div><\/div>\n<\/p><\/div>\n<\/p><\/div>\n<\/p><\/div>\n<div class=\"modal fade\" id=\"armonas\" role=\"dialog\">\n<div class=\"modal-dialog modal-lg\">\n<div class=\"modal-content\">\n<div class=\"modal-header\">\n              <button type=\"button\" class=\"close\" data-dismiss=\"modal\"><br \/>\n              &times;<br \/>\n              <\/button>\n           <\/div>\n<div class=\"modal-body\">\n<h4>Armonas<\/h4>\n<p><strong>Retread Process Equipment<\/strong><\/p>\n<div class=\"su-list\" style=\"margin-left:0px\">\n<ul>\n<li><i class=\"sui sui-angle-double-right\" style=\"color:#f58220\"><\/i> \n                    Armonas manufactures a complete monorail system to move tire  right from the initial inspection through final inspection, preventing tires from contamination by surface contacts. Armonas develops layouts in accord with the building and existing equipment, guaranteeing high productivity and efficiency. Predefined projects to retread 400, 800 and 1200 tires are available to open up a new retreading shop. Armonas also manufactures exhaust system for individual machine as well as centralized system for the whole retread plant. Envelop Expander, skiving station, rim mounting and de-mounting system are part of the package offered by Armonas.\n                 <\/li>\n<li><i class=\"sui sui-angle-double-right\" style=\"color:#f58220\"><\/i> \n                    Established in YYYY, Armonas is a retreading equipment manufacturer based in YYYYY, Brazil. Armonas was acquired by ERCL in YYYY. Specialising in a Complete Monorail System, the Company also manufacturers a range of other equipment used by leading retreaders.\n                 <\/li>\n<\/ul>\n<p>              <\/div><\/div>\n<\/p><\/div>\n<\/p><\/div>\n<\/p><\/div>\n<div class=\"modal fade\" id=\"pincott\" role=\"dialog\">\n<div class=\"modal-dialog modal-lg\">\n<div class=\"modal-content\">\n<div class=\"modal-header\">\n              <button type=\"button\" class=\"close\" data-dismiss=\"modal\"><br \/>\n              &times;<br \/>\n              <\/button>\n           <\/div>\n<div class=\"modal-body\">\n<h4>Pincott<\/h4>\n<p><strong>Rasp Blades, Hubs &#038; Spacers<\/strong><\/p>\n<div class=\"su-list\" style=\"margin-left:0px\">\n<ul>\n<li><i class=\"sui sui-angle-double-right\" style=\"color:#f58220\"><\/i> Pincott\u00ae Rasp Blades have been world leaders in the Tyre Retreading and Recycling Industry since 1947. Carrying on the tradition of James Spencer Pincott and his 60 years in the retreading industry, Pincott\u00ae International Pty Ltd is the \u201cnext generation\u201d in the manufacture of Pincott\u00ae Rasp Blades and Accessories. Pincott\u00ae International Pty Ltd will continue to provide our customers \u2022An exclusive Heat Treatment Process on Pincott\u00ae Rasp Blades, Air Cooled Spacers and Rasp Pins delivering longer life. \u2022Lower Cost Per Buffed Tyre \u2022Cooler Running \u2022Size Stamped \u2022Rasp Blades designed to fit all buffing machines Never forgetting our heritage Pincott\u00ae International Pty Ltd will continue to maintain high levels of investment in market growth, product improvement, innovation and technical expertise.<\/li>\n<li><i class=\"sui sui-angle-double-right\" style=\"color:#f58220\"><\/i> Pincott Rasp Blades have been world leaders in the Tyre Retreading and Recycling Industry since 1947. Established in XXXXX, Australia, the brand manufactures rasp blades using an exclusive heat treatment process. The blades deliver a long life with the lowest cost per buffed tyre. The company was acquired by ERCL in YYYY.<\/li>\n<\/ul>\n<p>              <\/div><\/div>\n<\/p><\/div>\n<\/p><\/div>\n<\/p><\/div>\n<div class=\"modal fade\" id=\"carbrasive\" role=\"dialog\">\n<div class=\"modal-dialog modal-lg\">\n<div class=\"modal-content\">\n<div class=\"modal-header\">\n              <button type=\"button\" class=\"close\" data-dismiss=\"modal\"><br \/>\n              &times;<br \/>\n              <\/button>\n           <\/div>\n<div class=\"modal-body\">\n<h4>Carbrasive<\/h4>\n<p><strong>Brazed Carbide Tools<\/strong><\/p>\n<div class=\"su-list\" style=\"margin-left:0px\">\n<ul>\n<li><i class=\"sui sui-angle-double-right\" style=\"color:#f58220\"><\/i> Carbrasive commenced operations in 1979 by the founding father Mr Doug Palin who was a highly respected design engineer. Doug had previously been Chief Engineer for Advanx Rubber Co in Sydney Australia for 25 years before joining B &#038; J Rocket as the Australian based manger, designing and constructing their manufacturing plant in Australia. Doug\u2019s youngest son Tony Palin who is a qualified mechanical engineer joined Carbrasive in 1980 as the company\u2019s first employee. Growth of the company in the early years was slow however the company gradually started to expand with an increasing export market. The roll grinding and retread industries historically have been the mainstay of the company although there are now several other industries such as conveyor belt, shoe repair and surfboard industries who seek solutions from Carbrasive for difficult grinding applications. Doug and Tony Palin gradually grew the business over the first 20 years of its existence up to the death of Doug in 2001 after a short battle with cancer. At the time of Doug\u2019s passing the company ownership passed onto Tony Palin and his wife Paula who ran the company up to 2009. In 2009 the company\u2019s assets and IP was sold to Elgi Rubber Company who are based in Coimbatore, India. Tony joined Elgi as a consultant and still works closely with Elgi to monitor the production and development of new products.\n                 <\/li>\n<li><i class=\"sui sui-angle-double-right\" style=\"color:#f58220\"><\/i> \n                    Carbrasive commenced operations in 1979 in Sawtell, Australia. In 2009 the company\u2019s assets and IP was acquired by ERCL. The company manufactures grinding tools used for repairing tyres.\n                 <\/li>\n<\/ul>\n<p>              <\/div><\/div>\n<\/p><\/div>\n<\/p><\/div>\n<\/p><\/div>\n<div class=\"modal fade\" id=\"midwest-rubber\" role=\"dialog\">\n<div class=\"modal-dialog modal-lg\">\n<div class=\"modal-content\">\n<div class=\"modal-header\">\n              <button type=\"button\" class=\"close\" data-dismiss=\"modal\"><br \/>\n              &times;<br \/>\n              <\/button>\n           <\/div>\n<div class=\"modal-body\">\n<h4>Midwest Rubber<\/h4>\n<p><strong>Gums, Adhesives &#038; Sealants<\/strong><\/p>\n<div class=\"su-list\" style=\"margin-left:0px\">\n<ul>\n<li><i class=\"sui sui-angle-double-right\" style=\"color:#f58220\"><\/i> \n                    Midwest manufactures a wide range of Gums, Adhesives and Sealants for the tyre retread and repair industry. Midwest produces gums in three various cure rates. The retreaders have a choice of gums depending on the operating temperature and the curing equipments employed. An excellent Black Vulcanizing Cement contains special additives to bond to exposed cords such as Nylon, Rayon and polyester etc.\n                 <\/li>\n<li><i class=\"sui sui-angle-double-right\" style=\"color:#f58220\"><\/i>  A thick, viscous sealant seals small troublesome leaks around tyre bead of tubeless tyres and wheel. Chemical Vulcanizing cement, a natural rubber solution containing activators and accelerators which act upon chemical curing material to effect the chemical cure at room temper.<\/li>\n<li><i class=\"sui sui-angle-double-right\" style=\"color:#f58220\"><\/i> \n                    Midwest manufactures a wide range of Gums, Adhesives and Sealants for the tyre retread and repair industry. Retreaders have a choice of gums depending on the operating temperature and the curing equipments employed. The company was established in YYYY in XXXXX, USA  and acquired by ERCL in YYYY.\n                 <\/li>\n<\/ul>\n<p>              <\/div><\/div>\n<\/p><\/div>\n<\/p><\/div>\n<\/p><\/div>\n<div class=\"modal fade\" id=\"westernweld\" role=\"dialog\">\n<div class=\"modal-dialog modal-lg\">\n<div class=\"modal-content\">\n<div class=\"modal-header\">\n              <button type=\"button\" class=\"close\" data-dismiss=\"modal\"><br \/>\n              &times;<br \/>\n              <\/button>\n           <\/div>\n<div class=\"modal-body\">\n<h4>Westernweld<\/h4>\n<p><strong>Tyre &#038; Tube Repair Products<\/strong><\/p>\n<div class=\"su-list\" style=\"margin-left:0px\">\n<ul>\n<li><i class=\"sui sui-angle-double-right\" style=\"color:#f58220\"><\/i> Westernweld has been a trusted and complete source for tire repair products since 1924.<\/li>\n<li><i class=\"sui sui-angle-double-right\" style=\"color:#f58220\"><\/i> For over 90 years, professionals have trusted Western Weld as their complete source for quality tire repair products, offered at competitive prices. Our reputation for quality and reliability has been so strong that many manufacturers and major distributors have trusted our products enough to put their own name on them \u2013 offering you a choice of brand names for optimum service and flexibility.<\/li>\n<li><i class=\"sui sui-angle-double-right\" style=\"color:#f58220\"><\/i> Continuous innovations in our tire repairs, liquids, tools, equipment and hardware \u2013combined with a commitment to quality and service \u2013 have allowed us to expand our Western Weld product distribution from coast to coast and around the globe.<\/li>\n<li><i class=\"sui sui-angle-double-right\" style=\"color:#f58220\"><\/i>  We look forward to serving you with a complete line of products to meet your specific tire repair needs.<\/li>\n<li><i class=\"sui sui-angle-double-right\" style=\"color:#f58220\"><\/i> Westernweld has been a trusted and complete source for tire repair products since 1924. Located in XXXX, USA, the company was acquired by ERCL in the year YYYY.<\/li>\n<\/ul>\n<p>              <\/div><\/div>\n<\/p><\/div>\n<\/p><\/div>\n<\/p><\/div>\n<div class=\"modal fade\" id=\"rubber-resources\" role=\"dialog\">\n<div class=\"modal-dialog modal-lg\">\n<div class=\"modal-content\">\n<div class=\"modal-header\">\n              <button type=\"button\" class=\"close\" data-dismiss=\"modal\"><br \/>\n              &times;<br \/>\n              <\/button>\n           <\/div>\n<div class=\"modal-body\">\n<h4>Rubber Resources<\/h4>\n<p><strong>Reclaim Rubber<\/strong><\/p>\n<div class=\"su-list\" style=\"margin-left:0px\">\n<ul>\n<li><i class=\"sui sui-angle-double-right\" style=\"color:#f58220\"><\/i> \n                    Recycle activity was founded by Vredestein, Dutch tyre producer, to<br \/>\n                    reuse waste in their tyre compounds in 1956.\n                 <\/li>\n<li><i class=\"sui sui-angle-double-right\" style=\"color:#f58220\"><\/i> \n                    Rubber Resources became a member of Elgi Rubber Company Ltd in 2011.\n                 <\/li>\n<li><i class=\"sui sui-angle-double-right\" style=\"color:#f58220\"><\/i> Expertise in recycling &#038; compounding<\/li>\n<li><i class=\"sui sui-angle-double-right\" style=\"color:#f58220\"><\/i> Production plants in the Netherlands and India<\/li>\n<li><i class=\"sui sui-angle-double-right\" style=\"color:#f58220\"><\/i> Markets: Europe, USA, Latin America, Asia<\/li>\n<li><i class=\"sui sui-angle-double-right\" style=\"color:#f58220\"><\/i> Segment: Mainly Passenger &#038; Truck Tires<\/li>\n<li><i class=\"sui sui-angle-double-right\" style=\"color:#f58220\"><\/i> \n                    Applications: Inner liner, Tread, Sidewall and Carcass compounds\n                 <\/li>\n<\/ul>\n<p>              <\/div><\/div>\n<\/p><\/div>\n<\/p><\/div>\n<\/p><\/div>\n<div class=\"modal fade\" id=\"elgitread\" role=\"dialog\">\n<div class=\"modal-dialog modal-lg\">\n<div class=\"modal-content\">\n<div class=\"modal-header\">\n              <button type=\"button\" class=\"close\" data-dismiss=\"modal\"><br \/>\n              &times;<br \/>\n              <\/button>\n           <\/div>\n<div class=\"modal-body\">\n<h4>Elgitread<\/h4>\n<p><strong>The Highest Tier of Retread<\/strong><\/p>\n<div class=\"su-list\" style=\"margin-left:0px\">\n<ul>\n<li><i class=\"sui sui-angle-double-right\" style=\"color:#f58220\"><\/i> Elgitread has been a trusted brand since 1984. The brand focuses on large fleets and corporate accounts to franchise the precured retread system. A &#8216;no compromise&#8217; approach with the process standards ensures enriched customer experience. <\/li>\n<li><i class=\"sui sui-angle-double-right\" style=\"color:#f58220\"><\/i> Elgitread has been a trusted brand since 1984. The original pioneers of Pre-cured retreading in India, the founder brought the technology from the US under a collaboration with Oliver Retreads. Now, Elgitread has been relaunched with a focus on improving the value proposition to our end consumers through added services and products.. This combined with the standards set by our Kooltread brand, we aim to help our customers save more money and gain value in other areas of their business.<\/li>\n<\/ul>\n<p>              <\/div><\/div>\n<\/p><\/div>\n<\/p><\/div>\n<\/p><\/div>\n<\/section>\n","protected":false},"excerpt":{"rendered":"<p>Sistemas de recauchutagem e repara\u00e7\u00e3o Aros e Rodas Expans\u00edveis Equipamentos de Processo de Recapagem Leminas e Conjunto de raspagem Carbides Liga\u00e7\u00e3o, Adesivos e Selantes Produtos para reparo de pneus e c\u00e2maras de ar Borracha Regenerada Maneira cool de Recauchutagem &times; Jet Retread and Repair Systems &times; CRS Expandable Rims &#038; Hubs &times; Armonas Retread Process&hellip; <a class=\"more-link\" href=\"https:\/\/www.elgirubber.com\/pt-pt\/nossas-marcas\/\">Continue a ler <span class=\"screen-reader-text\">Nossas Marcas<\/span><\/a><\/p>\n","protected":false},"author":1,"featured_media":2459,"parent":0,"menu_order":0,"comment_status":"closed","ping_status":"closed","template":"default-banner.php","meta":{"footnotes":""},"class_list":["post-3020","page","type-page","status-publish","has-post-thumbnail","hentry","entry"],"aioseo_notices":[],"_links":{"self":[{"href":"https:\/\/www.elgirubber.com\/pt-pt\/wp-json\/wp\/v2\/pages\/3020","targetHints":{"allow":["GET"]}}],"collection":[{"href":"https:\/\/www.elgirubber.com\/pt-pt\/wp-json\/wp\/v2\/pages"}],"about":[{"href":"https:\/\/www.elgirubber.com\/pt-pt\/wp-json\/wp\/v2\/types\/page"}],"author":[{"embeddable":true,"href":"https:\/\/www.elgirubber.com\/pt-pt\/wp-json\/wp\/v2\/users\/1"}],"replies":[{"embeddable":true,"href":"https:\/\/www.elgirubber.com\/pt-pt\/wp-json\/wp\/v2\/comments?post=3020"}],"version-history":[{"count":7,"href":"https:\/\/www.elgirubber.com\/pt-pt\/wp-json\/wp\/v2\/pages\/3020\/revisions"}],"predecessor-version":[{"id":3668,"href":"https:\/\/www.elgirubber.com\/pt-pt\/wp-json\/wp\/v2\/pages\/3020\/revisions\/3668"}],"wp:featuredmedia":[{"embeddable":true,"href":"https:\/\/www.elgirubber.com\/pt-pt\/wp-json\/wp\/v2\/media\/2459"}],"wp:attachment":[{"href":"https:\/\/www.elgirubber.com\/pt-pt\/wp-json\/wp\/v2\/media?parent=3020"}],"curies":[{"name":"wp","href":"https:\/\/api.w.org\/{rel}","templated":true}]}}