{"id":3205,"date":"2023-01-30T12:14:54","date_gmt":"2023-01-30T06:44:54","guid":{"rendered":"https:\/\/www.elgirubber.com\/?page_id=3205"},"modified":"2023-09-01T10:52:08","modified_gmt":"2023-09-01T05:22:08","slug":"midwest-rubber","status":"publish","type":"page","link":"https:\/\/www.elgirubber.com\/es\/midwest-rubber\/","title":{"rendered":"Midwest Rubber"},"content":{"rendered":"\n<p><strong>Gomas, adhesivos y sellantes<\/strong><\/p>\n<div class=\"su-list\" style=\"margin-left:0px\">\n<ul>\n<li><i class=\"sui sui-angle-double-right\" style=\"color:#f58220\"><\/i> \n                Midwest fabrica una amplia gama de gomas, adhesivos y sellantes para la industria de renovaci\u00f3n y reparaci\u00f3n de neum\u00e1ticos. Midwest produce gomas con tres diferentes grados de curado. Los recauchutadores tienen la opci\u00f3n de elegir gomas seg\u00fan la temperatura de funcionamiento y los equipos de curado empleados. Un excelente cemento vulcanizante negro contiene aditivos especiales para adherirsea las cuerdas expuestas, como nylon, ray\u00f3n y poli\u00e9ster, entre otros.<\/li>\n<li><i class=\"sui sui-angle-double-right\" style=\"color:#f58220\"><\/i> Un sellante espeso y viscoso sella peque\u00f1as fugas problem\u00e1ticas alrededor del tal\u00f3n del neum\u00e1tico en neum\u00e1ticos sin c\u00e1mara y llantas. El cemento vulcanizante qu\u00edmico, una soluci\u00f3n de caucho natural que contiene activadores y aceleradores que act\u00faan sobre un material de curado qu\u00edmico para lograr la cura qu\u00edmica a temperatura ambiente.<\/li>\n<li><i class=\"sui sui-angle-double-right\" style=\"color:#f58220\"><\/i> \n                 Midwest manufactures a wide range of Gums, Adhesives and Sealants for the tyre retread and repair industry. Retreaders have a choice of gums depending on the operating temperature and the curing equipments employed. The company was established in 1926, USA  and acquired by ERCL in 2012.\n                <\/li>\n<\/ul>\n<p>              <\/div>\n","protected":false},"excerpt":{"rendered":"<p>Gomas, adhesivos y sellantes<\/p>\n","protected":false},"author":1,"featured_media":0,"parent":0,"menu_order":0,"comment_status":"closed","ping_status":"closed","template":"","meta":{"footnotes":""},"class_list":["post-3205","page","type-page","status-publish","hentry","entry"],"aioseo_notices":[],"_links":{"self":[{"href":"https:\/\/www.elgirubber.com\/es\/wp-json\/wp\/v2\/pages\/3205","targetHints":{"allow":["GET"]}}],"collection":[{"href":"https:\/\/www.elgirubber.com\/es\/wp-json\/wp\/v2\/pages"}],"about":[{"href":"https:\/\/www.elgirubber.com\/es\/wp-json\/wp\/v2\/types\/page"}],"author":[{"embeddable":true,"href":"https:\/\/www.elgirubber.com\/es\/wp-json\/wp\/v2\/users\/1"}],"replies":[{"embeddable":true,"href":"https:\/\/www.elgirubber.com\/es\/wp-json\/wp\/v2\/comments?post=3205"}],"version-history":[{"count":1,"href":"https:\/\/www.elgirubber.com\/es\/wp-json\/wp\/v2\/pages\/3205\/revisions"}],"predecessor-version":[{"id":3206,"href":"https:\/\/www.elgirubber.com\/es\/wp-json\/wp\/v2\/pages\/3205\/revisions\/3206"}],"wp:attachment":[{"href":"https:\/\/www.elgirubber.com\/es\/wp-json\/wp\/v2\/media?parent=3205"}],"curies":[{"name":"wp","href":"https:\/\/api.w.org\/{rel}","templated":true}]}}