{"id":3202,"date":"2023-01-30T12:14:04","date_gmt":"2023-01-30T06:44:04","guid":{"rendered":"https:\/\/www.elgirubber.com\/?page_id=3202"},"modified":"2023-09-01T10:50:49","modified_gmt":"2023-09-01T05:20:49","slug":"carbrasive","status":"publish","type":"page","link":"https:\/\/www.elgirubber.com\/es\/carbrasive\/","title":{"rendered":"Carbrasive"},"content":{"rendered":"\n<p><strong>Herramientas de Carburo de Tungsteno<\/strong><\/p>\n<div class=\"su-list\" style=\"margin-left:0px\">\n<ul>\n<li><i class=\"sui sui-angle-double-right\" style=\"color:#f58220\"><\/i> Carbrasive comenz\u00f3 sus operaciones en 1979 por su fundador, el Sr. Doug Palin, quien era un ingeniero de dise\u00f1o altamente respetado. Doug hab\u00eda sido previamente Ingeniero Jefe de Advanx Rubber Co en S\u00eddney, Australia, durante 25 a\u00f1os antes de unirse a B &#038; J Rocket como gerente en Australia, donde dise\u00f1\u00f3 y construy\u00f3 su planta de fabricaci\u00f3n. El hijo menor de Doug, Tony Palin, quien es un ingeniero mec\u00e1nico calificado, se uni\u00f3 a Carbrasive en 1980 como el primer empleado de la empresa. El crecimiento de la empresa en los primeros a\u00f1os fue lento, pero gradualmente comenz\u00f3 a expandirse con un mercado de exportaci\u00f3n en aumento. Las industrias de rectificado de rodillos y recauchutado han sido hist\u00f3ricamiente el pilar de la empresa, aunque ahora hay varias otras industrias, como la de correas transportadoras, reparaci\u00f3n de calzado e industria de tablas de surf, que buscan soluciones de Carbrasive para aplicaciones de rectificado dif\u00edciles. Doug y Tony Palin hicieron crecer gradualmente el negocio durante los primeros 20 a\u00f1os de su existencia hasta la muerte de Doug en 2001, despu\u00e9s de una breve batalla contra el c\u00e1ncer. En el momento del fallecimiento de Doug, la propiedad de la empresa pas\u00f3 a Tony Palin y su esposa Paula, quienes dirigieron la empresa hasta 2009. En 2009, los activos y la propiedad intelectual de la empresa fueron vendidos a Elgi Rubber Company, con sede en Coimbatore, India. Tony se uni\u00f3 a Elgi como consultor y todav\u00eda trabaja en estrecha colaboraci\u00f3n con ellos para supervisar la producci\u00f3n y el desarrollo de nuevos productos.\n                <\/li>\n<li><i class=\"sui sui-angle-double-right\" style=\"color:#f58220\"><\/i> \n                 Carbrasive comenz\u00f3 sus operaciones en 1979 en Sawtell, Australia. En 2009, los activos y la propiedad intelectual de la empresa fueron adquiridos por ERCL. La empresa fabrica herramientas de rectificado utilizadas para reparar neum\u00e1ticos.\n                <\/li>\n<\/ul>\n<p>              <\/div>\n","protected":false},"excerpt":{"rendered":"<p>Herramientas de Carburo de Tungsteno<\/p>\n","protected":false},"author":1,"featured_media":0,"parent":0,"menu_order":0,"comment_status":"closed","ping_status":"closed","template":"","meta":{"footnotes":""},"class_list":["post-3202","page","type-page","status-publish","hentry","entry"],"aioseo_notices":[],"_links":{"self":[{"href":"https:\/\/www.elgirubber.com\/es\/wp-json\/wp\/v2\/pages\/3202","targetHints":{"allow":["GET"]}}],"collection":[{"href":"https:\/\/www.elgirubber.com\/es\/wp-json\/wp\/v2\/pages"}],"about":[{"href":"https:\/\/www.elgirubber.com\/es\/wp-json\/wp\/v2\/types\/page"}],"author":[{"embeddable":true,"href":"https:\/\/www.elgirubber.com\/es\/wp-json\/wp\/v2\/users\/1"}],"replies":[{"embeddable":true,"href":"https:\/\/www.elgirubber.com\/es\/wp-json\/wp\/v2\/comments?post=3202"}],"version-history":[{"count":2,"href":"https:\/\/www.elgirubber.com\/es\/wp-json\/wp\/v2\/pages\/3202\/revisions"}],"predecessor-version":[{"id":3204,"href":"https:\/\/www.elgirubber.com\/es\/wp-json\/wp\/v2\/pages\/3202\/revisions\/3204"}],"wp:attachment":[{"href":"https:\/\/www.elgirubber.com\/es\/wp-json\/wp\/v2\/media?parent=3202"}],"curies":[{"name":"wp","href":"https:\/\/api.w.org\/{rel}","templated":true}]}}