{"id":3200,"date":"2023-01-30T12:09:57","date_gmt":"2023-01-30T06:39:57","guid":{"rendered":"https:\/\/www.elgirubber.com\/?page_id=3200"},"modified":"2023-09-01T10:49:50","modified_gmt":"2023-09-01T05:19:50","slug":"armonas","status":"publish","type":"page","link":"https:\/\/www.elgirubber.com\/es\/armonas\/","title":{"rendered":"Armonas"},"content":{"rendered":"\n<p><strong>Equipos para el Proceso de Recauchutado<\/strong><\/p>\n<div class=\"su-list\" style=\"margin-left:0px\">\n<ul>\n<li><i class=\"sui sui-angle-double-right\" style=\"color:#f58220\"><\/i> \n                 Armonas fabrica un completo sistema de monorra\u00edl para mover los neum\u00e1ticos desde la inspecci\u00f3n inicial hasta la inspecci\u00f3n final, evitando el contacto de los neum\u00e1ticos con superficies contaminadas. Armonas desarrolla dise\u00f1os acorde con el edificio y los equipos existentes, garantizando alta productividad y eficiencia. Se encuentran disponibles proyectos predefinidos para recauchutar 400, 800 y 1200 neum\u00e1ticos, para abrir una nueva tienda de recauchutado. Armonas tambi\u00e9n fabrica sistemas de escape tanto para m\u00e1quinas individuales como sistemas centralizados para toda la planta de recauchutado. El expansor de sobrecapa, la estaci\u00f3n de escariado, el sistema de montaje y desmontaje de llantas son parte del paquete ofrecido por Armonas.\n                <\/li>\n<li><i class=\"sui sui-angle-double-right\" style=\"color:#f58220\"><\/i> \n                 Established in 1926, Armonas is a retreading equipment manufacturer based in Brazil. Armonas was acquired by ERCL in 2012. Specialising in a Complete Monorail System, the Company also manufacturers a range of other equipment used by leading retreaders.\n                <\/li>\n<\/ul>\n<p>              <\/div>\n","protected":false},"excerpt":{"rendered":"<p>Equipos para el Proceso de Recauchutado<\/p>\n","protected":false},"author":1,"featured_media":0,"parent":0,"menu_order":0,"comment_status":"closed","ping_status":"closed","template":"","meta":{"footnotes":""},"class_list":["post-3200","page","type-page","status-publish","hentry","entry"],"aioseo_notices":[],"_links":{"self":[{"href":"https:\/\/www.elgirubber.com\/es\/wp-json\/wp\/v2\/pages\/3200","targetHints":{"allow":["GET"]}}],"collection":[{"href":"https:\/\/www.elgirubber.com\/es\/wp-json\/wp\/v2\/pages"}],"about":[{"href":"https:\/\/www.elgirubber.com\/es\/wp-json\/wp\/v2\/types\/page"}],"author":[{"embeddable":true,"href":"https:\/\/www.elgirubber.com\/es\/wp-json\/wp\/v2\/users\/1"}],"replies":[{"embeddable":true,"href":"https:\/\/www.elgirubber.com\/es\/wp-json\/wp\/v2\/comments?post=3200"}],"version-history":[{"count":1,"href":"https:\/\/www.elgirubber.com\/es\/wp-json\/wp\/v2\/pages\/3200\/revisions"}],"predecessor-version":[{"id":3201,"href":"https:\/\/www.elgirubber.com\/es\/wp-json\/wp\/v2\/pages\/3200\/revisions\/3201"}],"wp:attachment":[{"href":"https:\/\/www.elgirubber.com\/es\/wp-json\/wp\/v2\/media?parent=3200"}],"curies":[{"name":"wp","href":"https:\/\/api.w.org\/{rel}","templated":true}]}}