{"id":3198,"date":"2023-01-30T12:08:19","date_gmt":"2023-01-30T06:38:19","guid":{"rendered":"https:\/\/www.elgirubber.com\/?page_id=3198"},"modified":"2023-09-01T10:48:43","modified_gmt":"2023-09-01T05:18:43","slug":"crs","status":"publish","type":"page","link":"https:\/\/www.elgirubber.com\/es\/crs\/","title":{"rendered":"CRS"},"content":{"rendered":"<br \/>\n<h4>CRS<\/h4>\n<p><strong>Llantas y N\u00facleos Expansibles<\/strong><\/p>\n<div class=\"su-list\" style=\"margin-left:0px\">\n<ul>\n<li><i class=\"sui sui-angle-double-right\" style=\"color:#f58220\"><\/i> Fabricaci\u00f3n: M\u00e1quina de pulido, sistemas de control de aire y recolecci\u00f3n de polvo.\n                <\/li>\n<li><i class=\"sui sui-angle-double-right\" style=\"color:#f58220\"><\/i> Principal proveedor de conjuntos de n\u00facleos y llantas expansibles en la industria.\n                <\/li>\n<li><i class=\"sui sui-angle-double-right\" style=\"color:#f58220\"><\/i>  Elgi adquiri\u00f3 CRS en 2015, manteniendo al personal y la ubicaci\u00f3n en Hamilton, Ohio.\n                <\/li>\n<\/ul>\n<p>              <\/div>\n","protected":false},"excerpt":{"rendered":"<p>CRS Llantas y N\u00facleos Expansibles<\/p>\n","protected":false},"author":1,"featured_media":0,"parent":0,"menu_order":0,"comment_status":"closed","ping_status":"closed","template":"","meta":{"footnotes":""},"class_list":["post-3198","page","type-page","status-publish","hentry","entry"],"aioseo_notices":[],"_links":{"self":[{"href":"https:\/\/www.elgirubber.com\/es\/wp-json\/wp\/v2\/pages\/3198","targetHints":{"allow":["GET"]}}],"collection":[{"href":"https:\/\/www.elgirubber.com\/es\/wp-json\/wp\/v2\/pages"}],"about":[{"href":"https:\/\/www.elgirubber.com\/es\/wp-json\/wp\/v2\/types\/page"}],"author":[{"embeddable":true,"href":"https:\/\/www.elgirubber.com\/es\/wp-json\/wp\/v2\/users\/1"}],"replies":[{"embeddable":true,"href":"https:\/\/www.elgirubber.com\/es\/wp-json\/wp\/v2\/comments?post=3198"}],"version-history":[{"count":1,"href":"https:\/\/www.elgirubber.com\/es\/wp-json\/wp\/v2\/pages\/3198\/revisions"}],"predecessor-version":[{"id":3199,"href":"https:\/\/www.elgirubber.com\/es\/wp-json\/wp\/v2\/pages\/3198\/revisions\/3199"}],"wp:attachment":[{"href":"https:\/\/www.elgirubber.com\/es\/wp-json\/wp\/v2\/media?parent=3198"}],"curies":[{"name":"wp","href":"https:\/\/api.w.org\/{rel}","templated":true}]}}